{"id":2444,"date":"2014-11-07T09:50:34","date_gmt":"2014-11-07T08:50:34","guid":{"rendered":"http:\/\/www.assistenzaservicesrl.it\/?page_id=2444"},"modified":"2018-05-15T14:46:36","modified_gmt":"2018-05-15T12:46:36","slug":"assistenza","status":"publish","type":"page","link":"https:\/\/www.assistenzaservicesrl.it\/wp\/assistenza\/","title":{"rendered":"Assistenza"},"content":{"rendered":"<div id=\"themify_builder_content-2444\" data-postid=\"2444\" class=\"themify_builder_content themify_builder_content-2444 themify_builder themify_builder_front\">\n\t\n\t\t\t<!-- module_row -->\n\t\t\t<div data-gutter=\"gutter-default\" class=\"themify_builder_row module_row module_row_0 clearfix gutter-default\" >\n\n\t\t\t\t\n\t\t\t\t\t\t\t\t\t<div class=\"builder_row_cover\"  ><\/div>\n\t\t\t\t\n\t\t\t\t\n\t\t\t\t<div class=\"row_inner_wrapper\">\n\t\t\t\t\t<div class=\"row_inner\">\n\n\t\t\t\t\t\t\n<!-- .themify_builder_content-2444 > .module_row_0 Style -->\n<style>\n.themify_builder_content-2444 > .module_row_0.module_row {\n\tfont-size: 22;\n\tcolor: #000;;\n\tpadding-top : 20px;\n\tpadding-bottom : 20px\n}\n.themify_builder_content-2444 > .module_row_0.module_row a {\n\tcolor: #FFF;;\n\ttext-decoration: none\n}\n.themify_builder_content-2444 > .module_row_0.module_row h1 {\n\tcolor: #000;\n}\n.themify_builder_content-2444 > .module_row_0.module_row h2 {\n\tcolor: #000;\n}\n.themify_builder_content-2444 > .module_row_0.module_row h3:not(.module-title) {\n\tcolor: #000;\n}\n.themify_builder_content-2444 > .module_row_0.module_row h4 {\n\tcolor: #000;\n}\n.themify_builder_content-2444 > .module_row_0.module_row h5 {\n\tcolor: #000;\n}\n.themify_builder_content-2444 > .module_row_0.module_row h6 {\n\tcolor: #000;\n}\n<\/style>\n<!-- End .themify_builder_content-2444 > .module_row_0 Style -->\n\n\t\t\t\t\t\t\n\t\t\t\t\t\t\n\t\t\t\t\t\t\t\t\t<div class=\"col-full first tb-column\">\n\t\t\t\t\t\t\t\t\t\t\t\t\t\t\t\t\t\t\t\t\t\n\t\t\t\t\t\t\t\t\t\t\t\n<!-- module text -->\n<div id=\"text-2444-0-0-1\" class=\"module module-text text-2444-0-0-1   \">\n\t\t<h3 class=\"module-title\">Assistenza<\/h3>\n\t\n\t\t\n\t<p>Assistenza Service impiega personale specializzato in meccanica, idraulica ed elettronica, costantemente aggiornato con corsi di formazione tecnico-professionale, permettendo cos\u00ec assistenza tecnica a diverse tipologie di macchine, partendo dai carrelli elevatori e transpallet fino a macchine per la pulizia e relativi accessori (batterie e caricabatterie).<br \/> Offre un servizio di pronto assistenza entro le 24 ore presso la vostra sede, grazie ai suoi tecnici esterni che dispongono di furgoni allestiti, con tutto il necessario per qualsiasi tipo di intervento, come officine mobili.<\/p><p style=\"text-align: center;\"><a href=\"http:\/\/www.assistenzaservicesrl.it\/wp\/wp-content\/uploads\/2014\/11\/600x325-img-furgone.jpg\"><img loading=\"lazy\" decoding=\"async\" class=\"alignnone wp-image-2459 size-full\" src=\"http:\/\/www.assistenzaservicesrl.it\/wp\/wp-content\/uploads\/2014\/11\/600x325-img-furgone.jpg\" alt=\"600x325-img-furgone\" width=\"600\" height=\"325\" srcset=\"https:\/\/www.assistenzaservicesrl.it\/wp\/wp-content\/uploads\/2014\/11\/600x325-img-furgone.jpg 600w, https:\/\/www.assistenzaservicesrl.it\/wp\/wp-content\/uploads\/2014\/11\/600x325-img-furgone-300x162.jpg 300w\" sizes=\"(max-width: 600px) 100vw, 600px\" \/><\/a><\/p><p>Nel caso in cui la riparazione preveda il ritiro della macchina operatrice, per un controllo pi\u00f9 approfondito, \u00e8 in grado di fornirvi una macchina sostitutiva con caratteristiche analoghe, occupandosi anche dell\u2019organizzazione dei trasporti.<br \/>L\u2019 officina infatti \u00e8 in grado di riparare e revisionare qualsiasi tipo di mezzo e di riqualificarlo grazie alla carrozzeria interna e al reparto verniciatura.<br \/> Inoltre fornisce un servizio di manutenzione programmata che consente di avere un controllo costante dei mezzi, individuando in anticipo lo stato di usura, evitando il rischio di fermi macchina e garantendo anche la sicurezza per i vostri operatori.<br \/>Il magazzino \u00e8 a vostra disposizione per fornirvi anche solo ricambi di qualit\u00e0 per qualsiasi marchio (tubi idraulici, pneumatici, accessori, attrezzature, kit tagliandi, ecc)<br \/>Il punto di forza era, ed \u00e8 rimasto nel tempo, il rapporto umano, la fiducia del cliente e la professionalit\u00e0 nella risoluzione tempestiva delle problematiche, in modo da offrire servizi di qualit\u00e0 garantendo un buon rapporto qualit\u00e0-prezzo.<\/p>\n\t<\/div>\n<!-- \/module text --><style>.themify_builder .text-2444-0-0-1.module-text { text-align: justify; padding-right: 5px; padding-left: 5px; margin-right: 5px; margin-left: 5px;  } \n<\/style>\n\t\t\t\t\t\t\t\t\t\t\n\t\t\t\t\t\t\t\t\t\t\t\t\t\t\t\t\t\t\t<\/div>\n\t\t\t\t\t\t\t\t\t<!-- \/col -->\n\t\t\t\t\t\t\t  \n\n\t\t\t\t\t\t\n\t\t\t\t\t\t\t\t\t\t\t\t\n\t\t\t\t\t\t\t\t\t\t\t\n\t\t\t\t\t<\/div>\n\t\t\t\t\t<!-- \/row_inner -->\n\t\t\t\t<\/div>\n\t\t\t<!-- \/row_inner_wrapper -->\n\t\t\t<\/div>\n\t\t\t<!-- \/module_row -->\n\t\t\t\n<\/div>\n<!-- \/themify_builder_content -->","protected":false},"excerpt":{"rendered":"<p>Assistenza Assistenza Service impiega personale specializzato in meccanica, idraulica ed elettronica, costantemente aggiornato con corsi di formazione tecnico-professionale, permettendo cos\u00ec assistenza tecnica a diverse tipologie di macchine, partendo dai carrelli elevatori e transpallet fino a macchine per la pulizia e relativi accessori (batterie e caricabatterie). Offre un servizio di pronto assistenza entro le 24 ore [&hellip;]<\/p>\n","protected":false},"author":2,"featured_media":0,"parent":0,"menu_order":0,"comment_status":"closed","ping_status":"open","template":"","meta":{"_exactmetrics_skip_tracking":false,"_exactmetrics_sitenote_active":false,"_exactmetrics_sitenote_note":"","_exactmetrics_sitenote_category":0,"_monsterinsights_skip_tracking":false,"_monsterinsights_sitenote_active":false,"_monsterinsights_sitenote_note":"","_monsterinsights_sitenote_category":0,"footnotes":""},"yoast_head":"<!-- This site is optimized with the Yoast SEO plugin v22.1 - https:\/\/yoast.com\/wordpress\/plugins\/seo\/ -->\n<title>Assistenza &#8211; Assistenza Service srl<\/title>\n<meta name=\"description\" content=\"noleggio, vendita, assistenza, carrelli elevatori, muletti, transpallet, retrattili, bologna, san lazzaro, emilia romagna, chiusure industriali, baie di carico, copri-scopri, porte rapide, tunnel mobili, lavapavimenti, spazzatrici, portapallet, scaffalature, cantilever, batterie industriali, corsi carrellisti, piattaforme aeree\" \/>\n<meta name=\"robots\" content=\"index, follow, max-snippet:-1, max-image-preview:large, max-video-preview:-1\" \/>\n<link rel=\"canonical\" href=\"https:\/\/www.assistenzaservicesrl.it\/wp\/assistenza\/\" \/>\n<meta property=\"og:locale\" content=\"it_IT\" \/>\n<meta property=\"og:type\" content=\"article\" \/>\n<meta property=\"og:title\" content=\"Assistenza &#8211; Assistenza Service srl\" \/>\n<meta property=\"og:description\" content=\"noleggio, vendita, assistenza, carrelli elevatori, muletti, transpallet, retrattili, bologna, san lazzaro, emilia romagna, chiusure industriali, baie di carico, copri-scopri, porte rapide, tunnel mobili, lavapavimenti, spazzatrici, portapallet, scaffalature, cantilever, batterie industriali, corsi carrellisti, piattaforme aeree\" \/>\n<meta property=\"og:url\" content=\"https:\/\/www.assistenzaservicesrl.it\/wp\/assistenza\/\" \/>\n<meta property=\"og:site_name\" content=\"Assistenza Service srl\" \/>\n<meta property=\"article:publisher\" content=\"https:\/\/www.facebook.com\/Assistenza-Service-srl-842401642477028\/?ref=aymt_homepage_panel\" \/>\n<meta property=\"article:modified_time\" content=\"2018-05-15T12:46:36+00:00\" \/>\n<meta property=\"og:image\" content=\"http:\/\/www.assistenzaservicesrl.it\/wp\/wp-content\/uploads\/2014\/11\/600x325-img-furgone.jpg\" \/>\n<script type=\"application\/ld+json\" class=\"yoast-schema-graph\">{\"@context\":\"https:\/\/schema.org\",\"@graph\":[{\"@type\":\"WebPage\",\"@id\":\"https:\/\/www.assistenzaservicesrl.it\/wp\/assistenza\/\",\"url\":\"https:\/\/www.assistenzaservicesrl.it\/wp\/assistenza\/\",\"name\":\"Assistenza &#8211; Assistenza Service srl\",\"isPartOf\":{\"@id\":\"https:\/\/www.assistenzaservicesrl.it\/wp\/#website\"},\"datePublished\":\"2014-11-07T08:50:34+00:00\",\"dateModified\":\"2018-05-15T12:46:36+00:00\",\"description\":\"noleggio, vendita, assistenza, carrelli elevatori, muletti, transpallet, retrattili, bologna, san lazzaro, emilia romagna, chiusure industriali, baie di carico, copri-scopri, porte rapide, tunnel mobili, lavapavimenti, spazzatrici, portapallet, scaffalature, cantilever, batterie industriali, corsi carrellisti, piattaforme aeree\",\"breadcrumb\":{\"@id\":\"https:\/\/www.assistenzaservicesrl.it\/wp\/assistenza\/#breadcrumb\"},\"inLanguage\":\"it-IT\",\"potentialAction\":[{\"@type\":\"ReadAction\",\"target\":[\"https:\/\/www.assistenzaservicesrl.it\/wp\/assistenza\/\"]}]},{\"@type\":\"BreadcrumbList\",\"@id\":\"https:\/\/www.assistenzaservicesrl.it\/wp\/assistenza\/#breadcrumb\",\"itemListElement\":[{\"@type\":\"ListItem\",\"position\":1,\"name\":\"Home\",\"item\":\"https:\/\/www.assistenzaservicesrl.it\/wp\/\"},{\"@type\":\"ListItem\",\"position\":2,\"name\":\"Assistenza\"}]},{\"@type\":\"WebSite\",\"@id\":\"https:\/\/www.assistenzaservicesrl.it\/wp\/#website\",\"url\":\"https:\/\/www.assistenzaservicesrl.it\/wp\/\",\"name\":\"Assistenza Service srl\",\"description\":\"Noleggio carrelli elevatori, piattaforme, scaffalature e porte rapide\",\"publisher\":{\"@id\":\"https:\/\/www.assistenzaservicesrl.it\/wp\/#organization\"},\"potentialAction\":[{\"@type\":\"SearchAction\",\"target\":{\"@type\":\"EntryPoint\",\"urlTemplate\":\"https:\/\/www.assistenzaservicesrl.it\/wp\/?s={search_term_string}\"},\"query-input\":\"required name=search_term_string\"}],\"inLanguage\":\"it-IT\"},{\"@type\":\"Organization\",\"@id\":\"https:\/\/www.assistenzaservicesrl.it\/wp\/#organization\",\"name\":\"Assistenza Service s.r.l.\",\"url\":\"https:\/\/www.assistenzaservicesrl.it\/wp\/\",\"logo\":{\"@type\":\"ImageObject\",\"inLanguage\":\"it-IT\",\"@id\":\"https:\/\/www.assistenzaservicesrl.it\/wp\/#\/schema\/logo\/image\/\",\"url\":\"https:\/\/www.assistenzaservicesrl.it\/wp\/wp-content\/uploads\/2017\/03\/ASSISTENZA-SERVICE-ALTA-QUALITA.jpg\",\"contentUrl\":\"https:\/\/www.assistenzaservicesrl.it\/wp\/wp-content\/uploads\/2017\/03\/ASSISTENZA-SERVICE-ALTA-QUALITA.jpg\",\"width\":1298,\"height\":106,\"caption\":\"Assistenza Service s.r.l.\"},\"image\":{\"@id\":\"https:\/\/www.assistenzaservicesrl.it\/wp\/#\/schema\/logo\/image\/\"},\"sameAs\":[\"https:\/\/www.facebook.com\/Assistenza-Service-srl-842401642477028\/?ref=aymt_homepage_panel\",\"https:\/\/www.youtube.com\/channel\/UCwUvgYxN4S9ks5oPR5z75IQ\"]}]}<\/script>\n<!-- \/ Yoast SEO plugin. -->","yoast_head_json":{"title":"Assistenza &#8211; Assistenza Service srl","description":"noleggio, vendita, assistenza, carrelli elevatori, muletti, transpallet, retrattili, bologna, san lazzaro, emilia romagna, chiusure industriali, baie di carico, copri-scopri, porte rapide, tunnel mobili, lavapavimenti, spazzatrici, portapallet, scaffalature, cantilever, batterie industriali, corsi carrellisti, piattaforme aeree","robots":{"index":"index","follow":"follow","max-snippet":"max-snippet:-1","max-image-preview":"max-image-preview:large","max-video-preview":"max-video-preview:-1"},"canonical":"https:\/\/www.assistenzaservicesrl.it\/wp\/assistenza\/","og_locale":"it_IT","og_type":"article","og_title":"Assistenza &#8211; Assistenza Service srl","og_description":"noleggio, vendita, assistenza, carrelli elevatori, muletti, transpallet, retrattili, bologna, san lazzaro, emilia romagna, chiusure industriali, baie di carico, copri-scopri, porte rapide, tunnel mobili, lavapavimenti, spazzatrici, portapallet, scaffalature, cantilever, batterie industriali, corsi carrellisti, piattaforme aeree","og_url":"https:\/\/www.assistenzaservicesrl.it\/wp\/assistenza\/","og_site_name":"Assistenza Service srl","article_publisher":"https:\/\/www.facebook.com\/Assistenza-Service-srl-842401642477028\/?ref=aymt_homepage_panel","article_modified_time":"2018-05-15T12:46:36+00:00","og_image":[{"url":"http:\/\/www.assistenzaservicesrl.it\/wp\/wp-content\/uploads\/2014\/11\/600x325-img-furgone.jpg"}],"schema":{"@context":"https:\/\/schema.org","@graph":[{"@type":"WebPage","@id":"https:\/\/www.assistenzaservicesrl.it\/wp\/assistenza\/","url":"https:\/\/www.assistenzaservicesrl.it\/wp\/assistenza\/","name":"Assistenza &#8211; Assistenza Service srl","isPartOf":{"@id":"https:\/\/www.assistenzaservicesrl.it\/wp\/#website"},"datePublished":"2014-11-07T08:50:34+00:00","dateModified":"2018-05-15T12:46:36+00:00","description":"noleggio, vendita, assistenza, carrelli elevatori, muletti, transpallet, retrattili, bologna, san lazzaro, emilia romagna, chiusure industriali, baie di carico, copri-scopri, porte rapide, tunnel mobili, lavapavimenti, spazzatrici, portapallet, scaffalature, cantilever, batterie industriali, corsi carrellisti, piattaforme aeree","breadcrumb":{"@id":"https:\/\/www.assistenzaservicesrl.it\/wp\/assistenza\/#breadcrumb"},"inLanguage":"it-IT","potentialAction":[{"@type":"ReadAction","target":["https:\/\/www.assistenzaservicesrl.it\/wp\/assistenza\/"]}]},{"@type":"BreadcrumbList","@id":"https:\/\/www.assistenzaservicesrl.it\/wp\/assistenza\/#breadcrumb","itemListElement":[{"@type":"ListItem","position":1,"name":"Home","item":"https:\/\/www.assistenzaservicesrl.it\/wp\/"},{"@type":"ListItem","position":2,"name":"Assistenza"}]},{"@type":"WebSite","@id":"https:\/\/www.assistenzaservicesrl.it\/wp\/#website","url":"https:\/\/www.assistenzaservicesrl.it\/wp\/","name":"Assistenza Service srl","description":"Noleggio carrelli elevatori, piattaforme, scaffalature e porte rapide","publisher":{"@id":"https:\/\/www.assistenzaservicesrl.it\/wp\/#organization"},"potentialAction":[{"@type":"SearchAction","target":{"@type":"EntryPoint","urlTemplate":"https:\/\/www.assistenzaservicesrl.it\/wp\/?s={search_term_string}"},"query-input":"required name=search_term_string"}],"inLanguage":"it-IT"},{"@type":"Organization","@id":"https:\/\/www.assistenzaservicesrl.it\/wp\/#organization","name":"Assistenza Service s.r.l.","url":"https:\/\/www.assistenzaservicesrl.it\/wp\/","logo":{"@type":"ImageObject","inLanguage":"it-IT","@id":"https:\/\/www.assistenzaservicesrl.it\/wp\/#\/schema\/logo\/image\/","url":"https:\/\/www.assistenzaservicesrl.it\/wp\/wp-content\/uploads\/2017\/03\/ASSISTENZA-SERVICE-ALTA-QUALITA.jpg","contentUrl":"https:\/\/www.assistenzaservicesrl.it\/wp\/wp-content\/uploads\/2017\/03\/ASSISTENZA-SERVICE-ALTA-QUALITA.jpg","width":1298,"height":106,"caption":"Assistenza Service s.r.l."},"image":{"@id":"https:\/\/www.assistenzaservicesrl.it\/wp\/#\/schema\/logo\/image\/"},"sameAs":["https:\/\/www.facebook.com\/Assistenza-Service-srl-842401642477028\/?ref=aymt_homepage_panel","https:\/\/www.youtube.com\/channel\/UCwUvgYxN4S9ks5oPR5z75IQ"]}]}},"_links":{"self":[{"href":"https:\/\/www.assistenzaservicesrl.it\/wp\/wp-json\/wp\/v2\/pages\/2444"}],"collection":[{"href":"https:\/\/www.assistenzaservicesrl.it\/wp\/wp-json\/wp\/v2\/pages"}],"about":[{"href":"https:\/\/www.assistenzaservicesrl.it\/wp\/wp-json\/wp\/v2\/types\/page"}],"author":[{"embeddable":true,"href":"https:\/\/www.assistenzaservicesrl.it\/wp\/wp-json\/wp\/v2\/users\/2"}],"replies":[{"embeddable":true,"href":"https:\/\/www.assistenzaservicesrl.it\/wp\/wp-json\/wp\/v2\/comments?post=2444"}],"version-history":[{"count":1,"href":"https:\/\/www.assistenzaservicesrl.it\/wp\/wp-json\/wp\/v2\/pages\/2444\/revisions"}],"predecessor-version":[{"id":2445,"href":"https:\/\/www.assistenzaservicesrl.it\/wp\/wp-json\/wp\/v2\/pages\/2444\/revisions\/2445"}],"wp:attachment":[{"href":"https:\/\/www.assistenzaservicesrl.it\/wp\/wp-json\/wp\/v2\/media?parent=2444"}],"curies":[{"name":"wp","href":"https:\/\/api.w.org\/{rel}","templated":true}]}}